{"id":305,"date":"2023-05-01T08:35:21","date_gmt":"2023-05-01T06:35:21","guid":{"rendered":"https:\/\/cafvercorssud.fr\/?page_id=305"},"modified":"2024-12-04T23:41:04","modified_gmt":"2024-12-04T22:41:04","slug":"ecole-descalade-et-daventure","status":"publish","type":"page","link":"https:\/\/cafvercorssud.fr\/?page_id=305","title":{"rendered":"\u00c9cole d&rsquo;escalade et d&rsquo;aventure"},"content":{"rendered":"\t\t<div data-elementor-type=\"wp-page\" data-elementor-id=\"305\" class=\"elementor elementor-305\">\n\t\t\t\t\t\t\t\t\t<section class=\"elementor-section elementor-top-section elementor-element elementor-element-ef6e0e1 elementor-section-boxed elementor-section-height-default elementor-section-height-default\" data-id=\"ef6e0e1\" data-element_type=\"section\">\n\t\t\t\t\t\t<div class=\"elementor-container elementor-column-gap-default\">\n\t\t\t\t\t<div class=\"elementor-column elementor-col-100 elementor-top-column elementor-element elementor-element-87366c7\" data-id=\"87366c7\" data-element_type=\"column\">\n\t\t\t<div class=\"elementor-widget-wrap elementor-element-populated\">\n\t\t\t\t\t\t\t\t<div class=\"elementor-element elementor-element-fd0e5fe elementor-widget elementor-widget-image\" data-id=\"fd0e5fe\" data-element_type=\"widget\" data-widget_type=\"image.default\">\n\t\t\t\t<div class=\"elementor-widget-container\">\n\t\t\t<style>\/*! elementor - v3.12.0 - 29-03-2023 *\/\n.elementor-widget-image{text-align:center}.elementor-widget-image a{display:inline-block}.elementor-widget-image a img[src$=\".svg\"]{width:48px}.elementor-widget-image img{vertical-align:middle;display:inline-block}<\/style>\t\t\t\t\t\t\t\t\t\t\t\t<img loading=\"lazy\" decoding=\"async\" width=\"300\" height=\"69\" src=\"https:\/\/cafvercorssud.fr\/wp-content\/uploads\/2023\/09\/LOGO_REGION_CMJN-LOGO_BLEU-GRIS-300x69.jpg\" class=\"attachment-medium size-medium wp-image-564\" alt=\"\" srcset=\"https:\/\/cafvercorssud.fr\/wp-content\/uploads\/2023\/09\/LOGO_REGION_CMJN-LOGO_BLEU-GRIS-300x69.jpg 300w, https:\/\/cafvercorssud.fr\/wp-content\/uploads\/2023\/09\/LOGO_REGION_CMJN-LOGO_BLEU-GRIS-1024x236.jpg 1024w, https:\/\/cafvercorssud.fr\/wp-content\/uploads\/2023\/09\/LOGO_REGION_CMJN-LOGO_BLEU-GRIS-768x177.jpg 768w, https:\/\/cafvercorssud.fr\/wp-content\/uploads\/2023\/09\/LOGO_REGION_CMJN-LOGO_BLEU-GRIS.jpg 1313w\" sizes=\"auto, 100vw\" \/>\t\t\t\t\t\t\t\t\t\t\t\t\t\t\t<\/div>\n\t\t\t\t<\/div>\n\t\t\t\t<div class=\"elementor-element elementor-element-0b9b63f elementor-widget elementor-widget-text-editor\" data-id=\"0b9b63f\" data-element_type=\"widget\" data-widget_type=\"text-editor.default\">\n\t\t\t\t<div class=\"elementor-widget-container\">\n\t\t\t<style>\/*! elementor - v3.12.0 - 29-03-2023 *\/\n.elementor-widget-text-editor.elementor-drop-cap-view-stacked .elementor-drop-cap{background-color:#69727d;color:#fff}.elementor-widget-text-editor.elementor-drop-cap-view-framed .elementor-drop-cap{color:#69727d;border:3px solid;background-color:transparent}.elementor-widget-text-editor:not(.elementor-drop-cap-view-default) .elementor-drop-cap{margin-top:8px}.elementor-widget-text-editor:not(.elementor-drop-cap-view-default) .elementor-drop-cap-letter{width:1em;height:1em}.elementor-widget-text-editor .elementor-drop-cap{float:left;text-align:center;line-height:1;font-size:50px}.elementor-widget-text-editor .elementor-drop-cap-letter{display:inline-block}<\/style>\t\t\t\t<p>Gr\u00e2ce au soutien financier de la R\u00e9gion Auvergne Rh\u00f4ne Alpes, le club a pu ouvrir de nouvelles voies sur la Structure Artificiel d&rsquo;Escalade. Une bonne nouvelle pour tous nos adh\u00e9rents qui ont pu s&rsquo;amuser et d\u00e9couvrir de nouvelles voies.<\/p>\t\t\t\t\t\t<\/div>\n\t\t\t\t<\/div>\n\t\t\t\t<div class=\"elementor-element elementor-element-3f52959 elementor-widget elementor-widget-spacer\" data-id=\"3f52959\" data-element_type=\"widget\" data-widget_type=\"spacer.default\">\n\t\t\t\t<div class=\"elementor-widget-container\">\n\t\t\t<style>\/*! elementor - v3.12.0 - 29-03-2023 *\/\n.elementor-column .elementor-spacer-inner{height:var(--spacer-size)}.e-con{--container-widget-width:100%}.e-con-inner>.elementor-widget-spacer,.e-con>.elementor-widget-spacer{width:var(--container-widget-width,var(--spacer-size));--align-self:var(--container-widget-align-self,initial);--flex-shrink:0}.e-con-inner>.elementor-widget-spacer>.elementor-widget-container,.e-con-inner>.elementor-widget-spacer>.elementor-widget-container>.elementor-spacer,.e-con>.elementor-widget-spacer>.elementor-widget-container,.e-con>.elementor-widget-spacer>.elementor-widget-container>.elementor-spacer{height:100%}.e-con-inner>.elementor-widget-spacer>.elementor-widget-container>.elementor-spacer>.elementor-spacer-inner,.e-con>.elementor-widget-spacer>.elementor-widget-container>.elementor-spacer>.elementor-spacer-inner{height:var(--container-widget-height,var(--spacer-size))}<\/style>\t\t<div class=\"elementor-spacer\">\n\t\t\t<div class=\"elementor-spacer-inner\"><\/div>\n\t\t<\/div>\n\t\t\t\t<\/div>\n\t\t\t\t<\/div>\n\t\t\t\t\t<\/div>\n\t\t<\/div>\n\t\t\t\t\t\t\t<\/div>\n\t\t<\/section>\n\t\t\t\t<section class=\"elementor-section elementor-top-section elementor-element elementor-element-add4d38 elementor-section-boxed elementor-section-height-default elementor-section-height-default\" data-id=\"add4d38\" data-element_type=\"section\">\n\t\t\t\t\t\t<div class=\"elementor-container elementor-column-gap-default\">\n\t\t\t\t\t<div class=\"elementor-column elementor-col-33 elementor-top-column elementor-element elementor-element-f2dafd9\" data-id=\"f2dafd9\" data-element_type=\"column\">\n\t\t\t<div class=\"elementor-widget-wrap elementor-element-populated\">\n\t\t\t\t\t\t\t\t<div class=\"elementor-element elementor-element-db36456 elementor-widget elementor-widget-image\" data-id=\"db36456\" data-element_type=\"widget\" data-widget_type=\"image.default\">\n\t\t\t\t<div class=\"elementor-widget-container\">\n\t\t\t\t\t\t\t\t\t\t\t\t\t\t\t<img loading=\"lazy\" decoding=\"async\" width=\"180\" height=\"180\" src=\"https:\/\/cafvercorssud.fr\/wp-content\/uploads\/2023\/05\/Icon_29-Ecole-escalade.png\" class=\"attachment-large size-large wp-image-370\" alt=\"\" srcset=\"https:\/\/cafvercorssud.fr\/wp-content\/uploads\/2023\/05\/Icon_29-Ecole-escalade.png 180w, https:\/\/cafvercorssud.fr\/wp-content\/uploads\/2023\/05\/Icon_29-Ecole-escalade-150x150.png 150w\" sizes=\"auto, 100vw\" \/>\t\t\t\t\t\t\t\t\t\t\t\t\t\t\t<\/div>\n\t\t\t\t<\/div>\n\t\t\t\t\t<\/div>\n\t\t<\/div>\n\t\t\t\t<div class=\"elementor-column elementor-col-33 elementor-top-column elementor-element elementor-element-b5e1c28\" data-id=\"b5e1c28\" data-element_type=\"column\">\n\t\t\t<div class=\"elementor-widget-wrap elementor-element-populated\">\n\t\t\t\t\t\t\t\t<div class=\"elementor-element elementor-element-30e4919 e-transform elementor-widget elementor-widget-image\" data-id=\"30e4919\" data-element_type=\"widget\" data-settings=\"{&quot;_transform_translateX_effect&quot;:{&quot;unit&quot;:&quot;px&quot;,&quot;size&quot;:-20,&quot;sizes&quot;:[]},&quot;_transform_translateY_effect&quot;:{&quot;unit&quot;:&quot;px&quot;,&quot;size&quot;:0,&quot;sizes&quot;:[]},&quot;_transform_translateX_effect_tablet&quot;:{&quot;unit&quot;:&quot;px&quot;,&quot;size&quot;:&quot;&quot;,&quot;sizes&quot;:[]},&quot;_transform_translateX_effect_mobile&quot;:{&quot;unit&quot;:&quot;px&quot;,&quot;size&quot;:&quot;&quot;,&quot;sizes&quot;:[]},&quot;_transform_translateY_effect_tablet&quot;:{&quot;unit&quot;:&quot;px&quot;,&quot;size&quot;:&quot;&quot;,&quot;sizes&quot;:[]},&quot;_transform_translateY_effect_mobile&quot;:{&quot;unit&quot;:&quot;px&quot;,&quot;size&quot;:&quot;&quot;,&quot;sizes&quot;:[]}}\" data-widget_type=\"image.default\">\n\t\t\t\t<div class=\"elementor-widget-container\">\n\t\t\t\t\t\t\t\t\t\t\t\t\t\t\t<img loading=\"lazy\" decoding=\"async\" width=\"180\" height=\"180\" src=\"https:\/\/cafvercorssud.fr\/wp-content\/uploads\/2023\/05\/Icon_28-Ecole-aventure.png\" class=\"attachment-large size-large wp-image-371\" alt=\"\" srcset=\"https:\/\/cafvercorssud.fr\/wp-content\/uploads\/2023\/05\/Icon_28-Ecole-aventure.png 180w, https:\/\/cafvercorssud.fr\/wp-content\/uploads\/2023\/05\/Icon_28-Ecole-aventure-150x150.png 150w\" sizes=\"auto, 100vw\" \/>\t\t\t\t\t\t\t\t\t\t\t\t\t\t\t<\/div>\n\t\t\t\t<\/div>\n\t\t\t\t\t<\/div>\n\t\t<\/div>\n\t\t\t\t<div class=\"elementor-column elementor-col-33 elementor-top-column elementor-element elementor-element-22f5a68\" data-id=\"22f5a68\" data-element_type=\"column\">\n\t\t\t<div class=\"elementor-widget-wrap elementor-element-populated\">\n\t\t\t\t\t\t\t\t<div class=\"elementor-element elementor-element-d9bf1d6 e-transform elementor-widget elementor-widget-text-editor\" data-id=\"d9bf1d6\" data-element_type=\"widget\" data-settings=\"{&quot;_transform_translateX_effect&quot;:{&quot;unit&quot;:&quot;px&quot;,&quot;size&quot;:-25,&quot;sizes&quot;:[]},&quot;_transform_translateY_effect&quot;:{&quot;unit&quot;:&quot;px&quot;,&quot;size&quot;:10,&quot;sizes&quot;:[]},&quot;_transform_translateX_effect_tablet&quot;:{&quot;unit&quot;:&quot;px&quot;,&quot;size&quot;:&quot;&quot;,&quot;sizes&quot;:[]},&quot;_transform_translateX_effect_mobile&quot;:{&quot;unit&quot;:&quot;px&quot;,&quot;size&quot;:&quot;&quot;,&quot;sizes&quot;:[]},&quot;_transform_translateY_effect_tablet&quot;:{&quot;unit&quot;:&quot;px&quot;,&quot;size&quot;:&quot;&quot;,&quot;sizes&quot;:[]},&quot;_transform_translateY_effect_mobile&quot;:{&quot;unit&quot;:&quot;px&quot;,&quot;size&quot;:&quot;&quot;,&quot;sizes&quot;:[]}}\" data-widget_type=\"text-editor.default\">\n\t\t\t\t<div class=\"elementor-widget-container\">\n\t\t\t\t\t\t\t<p><span style=\"text-decoration: underline;\">\u00c9cole d&rsquo;escalade et d&rsquo;aventure<\/span><\/p>\t\t\t\t\t\t<\/div>\n\t\t\t\t<\/div>\n\t\t\t\t\t<\/div>\n\t\t<\/div>\n\t\t\t\t\t\t\t<\/div>\n\t\t<\/section>\n\t\t\t\t<section class=\"elementor-section elementor-top-section elementor-element elementor-element-eb45144 elementor-section-boxed elementor-section-height-default elementor-section-height-default\" data-id=\"eb45144\" data-element_type=\"section\">\n\t\t\t\t\t\t<div class=\"elementor-container elementor-column-gap-default\">\n\t\t\t\t\t<div class=\"elementor-column elementor-col-100 elementor-top-column elementor-element elementor-element-5193efe\" data-id=\"5193efe\" data-element_type=\"column\">\n\t\t\t<div class=\"elementor-widget-wrap elementor-element-populated\">\n\t\t\t\t\t\t\t\t<div class=\"elementor-element elementor-element-9b608e7 elementor-widget elementor-widget-text-editor\" data-id=\"9b608e7\" data-element_type=\"widget\" data-widget_type=\"text-editor.default\">\n\t\t\t\t<div class=\"elementor-widget-container\">\n\t\t\t\t\t\t\t<h4><span style=\"text-decoration: underline; color: #0000ff;\"><strong style=\"font-size: 1.125rem; font-family: var( --e-global-typography-text-font-family ), Sans-serif;\"><a style=\"color: #0000ff; text-decoration: underline;\" href=\"http:\/\/cafvercorssud.fr\/wp-content\/uploads\/2024\/12\/Programme-CAF-VS-2024-2025.pdf\">Programme p\u00e9riode 1 (Septembre \u00e0 fin d\u00e9cembre) &#8211; PDF<\/a><\/strong><\/span><\/h4><p><strong><span style=\"color: #ff0000;\">Programme p\u00e9riode 2 (Janvier \u00e0 Fin Juin) &#8211; A VENIR<\/span><\/strong><\/p>\t\t\t\t\t\t<\/div>\n\t\t\t\t<\/div>\n\t\t\t\t\t<\/div>\n\t\t<\/div>\n\t\t\t\t\t\t\t<\/div>\n\t\t<\/section>\n\t\t\t\t<section class=\"elementor-section elementor-top-section elementor-element elementor-element-62f0a37 elementor-section-boxed elementor-section-height-default elementor-section-height-default\" data-id=\"62f0a37\" data-element_type=\"section\">\n\t\t\t\t\t\t<div class=\"elementor-container elementor-column-gap-default\">\n\t\t\t\t\t<div class=\"elementor-column elementor-col-50 elementor-top-column elementor-element elementor-element-fdff7f5\" data-id=\"fdff7f5\" data-element_type=\"column\">\n\t\t\t<div class=\"elementor-widget-wrap elementor-element-populated\">\n\t\t\t\t\t\t\t\t<div class=\"elementor-element elementor-element-84c01ed elementor-widget elementor-widget-text-editor\" data-id=\"84c01ed\" data-element_type=\"widget\" data-widget_type=\"text-editor.default\">\n\t\t\t\t<div class=\"elementor-widget-container\">\n\t\t\t\t\t\t\t<p>Les \u00e9coles d\u2019escalade et d\u2019aventure sont encadr\u00e9es par des moniteurs dipl\u00f4m\u00e9s, pour permettre aux enfants \u00e0 partir de 6 ans de s\u2019initier et progresser dans la pratique des activit\u00e9s de montagne et d\u00e9couvrir la pleine nature afin de mieux apprendre \u00e0 la pr\u00e9server.<\/p><p>L&rsquo;activit\u00e9 est bas\u00e9e sur une s\u00e9ance hebdomadaire durant les p\u00e9riodes scolaires. Des sorties compl\u00e9mentaires (\u00e0 la journ\u00e9e, le week-end, stage de plusieurs jours) sont organis\u00e9es tout au long de l\u2019ann\u00e9e pour les plus grands, afin d\u2019approfondir les apprentissages de chacun et de d\u00e9couvrir de nouveaux horizons par exemple : week-end sp\u00e9l\u00e9o en Ard\u00e8che, camp d\u2019escalade pendants 3 jours \u00e0 Orpierre, aux Dentelles, dans les Calanques\u2026, camp de 5 jours en Canyoning dans les Alpes Maritime, etc.<\/p><p>Plusieurs activit\u00e9s sportives sont pratiqu\u00e9es\u00a0: de l\u2019escalade en salle et en milieu naturel, de la sp\u00e9l\u00e9o, des raquettes \u00e0 neige, du ski de randonn\u00e9e ou de la cascade de glace et du canyoning. Les \u00e9coles d\u2019escalade et d\u2019aventure sont lab\u00e9lis\u00e9es FFCAM.<\/p>\t\t\t\t\t\t<\/div>\n\t\t\t\t<\/div>\n\t\t\t\t\t<\/div>\n\t\t<\/div>\n\t\t\t\t<div class=\"elementor-column elementor-col-50 elementor-top-column elementor-element elementor-element-0d41be6\" data-id=\"0d41be6\" data-element_type=\"column\">\n\t\t\t<div class=\"elementor-widget-wrap elementor-element-populated\">\n\t\t\t\t\t\t\t\t<div class=\"elementor-element elementor-element-28b9f16 e-transform elementor-arrows-position-inside elementor-pagination-position-outside elementor-widget elementor-widget-image-carousel\" data-id=\"28b9f16\" data-element_type=\"widget\" data-settings=\"{&quot;slides_to_show&quot;:&quot;1&quot;,&quot;_transform_translateX_effect&quot;:{&quot;unit&quot;:&quot;px&quot;,&quot;size&quot;:30,&quot;sizes&quot;:[]},&quot;navigation&quot;:&quot;both&quot;,&quot;autoplay&quot;:&quot;yes&quot;,&quot;pause_on_hover&quot;:&quot;yes&quot;,&quot;pause_on_interaction&quot;:&quot;yes&quot;,&quot;autoplay_speed&quot;:5000,&quot;infinite&quot;:&quot;yes&quot;,&quot;effect&quot;:&quot;slide&quot;,&quot;speed&quot;:500,&quot;_transform_translateX_effect_tablet&quot;:{&quot;unit&quot;:&quot;px&quot;,&quot;size&quot;:&quot;&quot;,&quot;sizes&quot;:[]},&quot;_transform_translateX_effect_mobile&quot;:{&quot;unit&quot;:&quot;px&quot;,&quot;size&quot;:&quot;&quot;,&quot;sizes&quot;:[]},&quot;_transform_translateY_effect&quot;:{&quot;unit&quot;:&quot;px&quot;,&quot;size&quot;:&quot;&quot;,&quot;sizes&quot;:[]},&quot;_transform_translateY_effect_tablet&quot;:{&quot;unit&quot;:&quot;px&quot;,&quot;size&quot;:&quot;&quot;,&quot;sizes&quot;:[]},&quot;_transform_translateY_effect_mobile&quot;:{&quot;unit&quot;:&quot;px&quot;,&quot;size&quot;:&quot;&quot;,&quot;sizes&quot;:[]}}\" data-widget_type=\"image-carousel.default\">\n\t\t\t\t<div class=\"elementor-widget-container\">\n\t\t\t<style>\/*! elementor - v3.12.0 - 29-03-2023 *\/\n.elementor-widget-image-carousel .swiper,.elementor-widget-image-carousel .swiper-container{position:static}.elementor-widget-image-carousel .swiper-container .swiper-slide figure,.elementor-widget-image-carousel .swiper .swiper-slide figure{line-height:inherit}.elementor-widget-image-carousel .swiper-slide{text-align:center}.elementor-image-carousel-wrapper:not(.swiper-container-initialized) .swiper-slide,.elementor-image-carousel-wrapper:not(.swiper-initialized) .swiper-slide{max-width:calc(100% \/ var(--e-image-carousel-slides-to-show, 3))}<\/style>\t\t<div class=\"elementor-image-carousel-wrapper swiper\" dir=\"ltr\">\n\t\t\t<div class=\"elementor-image-carousel swiper-wrapper\">\n\t\t\t\t\t\t\t\t<div class=\"swiper-slide\"><figure class=\"swiper-slide-inner\"><img decoding=\"async\" class=\"swiper-slide-image\" src=\"https:\/\/cafvercorssud.fr\/wp-content\/uploads\/2023\/04\/Infernet-Chartreuse_1.jpg\" alt=\"Infernet, Chartreuse_1\" \/><\/figure><\/div><div class=\"swiper-slide\"><figure class=\"swiper-slide-inner\"><img decoding=\"async\" class=\"swiper-slide-image\" src=\"https:\/\/cafvercorssud.fr\/wp-content\/uploads\/2023\/04\/image0000071.jpg\" alt=\"image0000071\" \/><\/figure><\/div><div class=\"swiper-slide\"><figure class=\"swiper-slide-inner\"><img decoding=\"async\" class=\"swiper-slide-image\" src=\"https:\/\/cafvercorssud.fr\/wp-content\/uploads\/2023\/04\/image0000011.jpg\" alt=\"image0000011\" \/><\/figure><\/div><div class=\"swiper-slide\"><figure class=\"swiper-slide-inner\"><img decoding=\"async\" class=\"swiper-slide-image\" src=\"https:\/\/cafvercorssud.fr\/wp-content\/uploads\/2023\/04\/delphine-et-marie-9.jpg\" alt=\"delphine et marie (9)\" \/><\/figure><\/div><div class=\"swiper-slide\"><figure class=\"swiper-slide-inner\"><img decoding=\"async\" class=\"swiper-slide-image\" src=\"https:\/\/cafvercorssud.fr\/wp-content\/uploads\/2023\/04\/barbeira_23.jpg\" alt=\"Delphine dans le bouillon d&#039;une cascade du canyon de Barbeira\" \/><\/figure><\/div><div class=\"swiper-slide\"><figure class=\"swiper-slide-inner\"><img decoding=\"async\" class=\"swiper-slide-image\" src=\"https:\/\/cafvercorssud.fr\/wp-content\/uploads\/2023\/05\/escalade-au-claps-et-nos-poules-28.jpg\" alt=\"escalade au claps et nos poules (28)\" \/><\/figure><\/div>\t\t\t<\/div>\n\t\t\t\t\t\t\t\t\t\t\t\t<div class=\"swiper-pagination\"><\/div>\n\t\t\t\t\t\t\t\t\t\t\t\t\t<div class=\"elementor-swiper-button elementor-swiper-button-prev\">\n\t\t\t\t\t\t<i aria-hidden=\"true\" class=\"eicon-chevron-left\"><\/i>\t\t\t\t\t\t<span class=\"elementor-screen-only\">Pr\u00e9c\u00e9dent<\/span>\n\t\t\t\t\t<\/div>\n\t\t\t\t\t<div class=\"elementor-swiper-button elementor-swiper-button-next\">\n\t\t\t\t\t\t<i aria-hidden=\"true\" class=\"eicon-chevron-right\"><\/i>\t\t\t\t\t\t<span class=\"elementor-screen-only\">Suivant<\/span>\n\t\t\t\t\t<\/div>\n\t\t\t\t\t\t\t\t\t<\/div>\n\t\t\t\t<\/div>\n\t\t\t\t<\/div>\n\t\t\t\t\t<\/div>\n\t\t<\/div>\n\t\t\t\t\t\t\t<\/div>\n\t\t<\/section>\n\t\t\t\t<section class=\"elementor-section elementor-top-section elementor-element elementor-element-8ca3ce6 elementor-section-boxed elementor-section-height-default elementor-section-height-default\" data-id=\"8ca3ce6\" data-element_type=\"section\">\n\t\t\t\t\t\t<div class=\"elementor-container elementor-column-gap-default\">\n\t\t\t\t\t<div class=\"elementor-column elementor-col-100 elementor-top-column elementor-element elementor-element-83caf4b\" data-id=\"83caf4b\" data-element_type=\"column\">\n\t\t\t<div class=\"elementor-widget-wrap elementor-element-populated\">\n\t\t\t\t\t\t\t\t<div class=\"elementor-element elementor-element-08e111a elementor-widget elementor-widget-text-editor\" data-id=\"08e111a\" data-element_type=\"widget\" data-widget_type=\"text-editor.default\">\n\t\t\t\t<div class=\"elementor-widget-container\">\n\t\t\t\t\t\t\t<h4><strong><span style=\"text-decoration: underline;\">Horaire et groupe:<\/span><\/strong><\/h4><ul><li>Groupe 1\u00a0 \u00a0 \u00a0 \u00a0 6 &#8211; 8 ans\u00a0 \u00a0 \u00a0 \u00a0 \u00a0 \u00a0 \u00a0Jeudi 17h &#8211; 18h15<\/li><li>Groupe 2\u00a0 \u00a0 \u00a0 \u00a0 8 &#8211; 10 ans\u00a0 \u00a0 \u00a0 \u00a0 \u00a0 \u00a0 Mardi 17h30 &#8211; 19h<\/li><li>Groupe 3\u00a0 \u00a0 \u00a0 \u00a0 \u00a0\/\/<\/li><li>Groupe 4\u00a0 \u00a0 \u00a0 \u00a0 12 &#8211; 15 ans\u00a0 \u00a0 \u00a0 \u00a0 \u00a0Jeudi 18h15 &#8211; 19h45<\/li><\/ul><h1><span style=\"text-decoration: underline;\"><strong>Tarif:\u00a0<\/strong><\/span><\/h1><ul><li>Licence FFCAM enfant: environ 62\u20ac<\/li><li>\u00c9cole d&rsquo;escalade et d&rsquo;aventure : 215\u20ac pour le 1er enfant puis 180\u20ac \u00e0 partir du 2\u00e8me enfant.<\/li><\/ul><p>Lors des sorties en ext\u00e9rieur (soir\u00e9e, journ\u00e9e, WE, stage, etc.), les rendez-vous ont lieu devant<strong><span style=\"text-decoration: underline;\"> la salle polyvalente de La Chapelle en Vercors.<\/span><\/strong> Les parents sont sollicit\u00e9s pour le transport et\/ou pour accompagner.<\/p>\t\t\t\t\t\t<\/div>\n\t\t\t\t<\/div>\n\t\t\t\t\t<\/div>\n\t\t<\/div>\n\t\t\t\t\t\t\t<\/div>\n\t\t<\/section>\n\t\t\t\t\t\t\t<\/div>\n\t\t","protected":false},"excerpt":{"rendered":"<p>Gr\u00e2ce au soutien financier de la R\u00e9gion Auvergne Rh\u00f4ne Alpes, le club a pu ouvrir de nouvelles voies sur la Structure Artificiel d&rsquo;Escalade. Une bonne nouvelle pour tous nos adh\u00e9rents qui ont pu s&rsquo;amuser et d\u00e9couvrir de nouvelles voies. \u00c9cole d&rsquo;escalade et d&rsquo;aventure Programme p\u00e9riode 1 (Septembre \u00e0 fin d\u00e9cembre) &#8211; PDF Programme p\u00e9riode 2 &hellip; <\/p>\n<p class=\"link-more\"><a href=\"https:\/\/cafvercorssud.fr\/?page_id=305\" class=\"more-link\">Continuer la lecture<span class=\"screen-reader-text\"> de &laquo;&nbsp;\u00c9cole d&rsquo;escalade et d&rsquo;aventure&nbsp;&raquo;<\/span><\/a><\/p>\n","protected":false},"author":1,"featured_media":0,"parent":0,"menu_order":0,"comment_status":"closed","ping_status":"closed","template":"","meta":{"footnotes":""},"class_list":["post-305","page","type-page","status-publish","hentry"],"_links":{"self":[{"href":"https:\/\/cafvercorssud.fr\/index.php?rest_route=\/wp\/v2\/pages\/305","targetHints":{"allow":["GET"]}}],"collection":[{"href":"https:\/\/cafvercorssud.fr\/index.php?rest_route=\/wp\/v2\/pages"}],"about":[{"href":"https:\/\/cafvercorssud.fr\/index.php?rest_route=\/wp\/v2\/types\/page"}],"author":[{"embeddable":true,"href":"https:\/\/cafvercorssud.fr\/index.php?rest_route=\/wp\/v2\/users\/1"}],"replies":[{"embeddable":true,"href":"https:\/\/cafvercorssud.fr\/index.php?rest_route=%2Fwp%2Fv2%2Fcomments&post=305"}],"version-history":[{"count":52,"href":"https:\/\/cafvercorssud.fr\/index.php?rest_route=\/wp\/v2\/pages\/305\/revisions"}],"predecessor-version":[{"id":799,"href":"https:\/\/cafvercorssud.fr\/index.php?rest_route=\/wp\/v2\/pages\/305\/revisions\/799"}],"wp:attachment":[{"href":"https:\/\/cafvercorssud.fr\/index.php?rest_route=%2Fwp%2Fv2%2Fmedia&parent=305"}],"curies":[{"name":"wp","href":"https:\/\/api.w.org\/{rel}","templated":true}]}}