{"id":312,"date":"2023-05-01T08:36:53","date_gmt":"2023-05-01T06:36:53","guid":{"rendered":"https:\/\/cafvercorssud.fr\/?page_id=312"},"modified":"2024-12-04T23:42:56","modified_gmt":"2024-12-04T22:42:56","slug":"groupe-adulte","status":"publish","type":"page","link":"https:\/\/cafvercorssud.fr\/?page_id=312","title":{"rendered":"Groupe Adulte"},"content":{"rendered":"\t\t<div data-elementor-type=\"wp-page\" data-elementor-id=\"312\" class=\"elementor elementor-312\">\n\t\t\t\t\t\t\t\t\t<section class=\"elementor-section elementor-top-section elementor-element elementor-element-e909f7f elementor-section-boxed elementor-section-height-default elementor-section-height-default\" data-id=\"e909f7f\" data-element_type=\"section\">\n\t\t\t\t\t\t<div class=\"elementor-container elementor-column-gap-default\">\n\t\t\t\t\t<div class=\"elementor-column elementor-col-50 elementor-top-column elementor-element elementor-element-c595ca0\" data-id=\"c595ca0\" data-element_type=\"column\">\n\t\t\t<div class=\"elementor-widget-wrap elementor-element-populated\">\n\t\t\t\t\t\t\t\t<div class=\"elementor-element elementor-element-b86582a elementor-widget elementor-widget-image\" data-id=\"b86582a\" data-element_type=\"widget\" data-widget_type=\"image.default\">\n\t\t\t\t<div class=\"elementor-widget-container\">\n\t\t\t<style>\/*! elementor - v3.12.0 - 29-03-2023 *\/\n.elementor-widget-image{text-align:center}.elementor-widget-image a{display:inline-block}.elementor-widget-image a img[src$=\".svg\"]{width:48px}.elementor-widget-image img{vertical-align:middle;display:inline-block}<\/style>\t\t\t\t\t\t\t\t\t\t\t\t<img loading=\"lazy\" decoding=\"async\" width=\"180\" height=\"180\" src=\"https:\/\/cafvercorssud.fr\/wp-content\/uploads\/2023\/05\/Icon_04-Escalade.png\" class=\"attachment-large size-large wp-image-381\" alt=\"\" srcset=\"https:\/\/cafvercorssud.fr\/wp-content\/uploads\/2023\/05\/Icon_04-Escalade.png 180w, https:\/\/cafvercorssud.fr\/wp-content\/uploads\/2023\/05\/Icon_04-Escalade-150x150.png 150w\" sizes=\"auto, 100vw\" \/>\t\t\t\t\t\t\t\t\t\t\t\t\t\t\t<\/div>\n\t\t\t\t<\/div>\n\t\t\t\t\t<\/div>\n\t\t<\/div>\n\t\t\t\t<div class=\"elementor-column elementor-col-50 elementor-top-column elementor-element elementor-element-3174b3f\" data-id=\"3174b3f\" data-element_type=\"column\">\n\t\t\t<div class=\"elementor-widget-wrap elementor-element-populated\">\n\t\t\t\t\t\t\t\t<div class=\"elementor-element elementor-element-7b72a81 e-transform elementor-widget elementor-widget-text-editor\" data-id=\"7b72a81\" data-element_type=\"widget\" data-settings=\"{&quot;_transform_translateX_effect&quot;:{&quot;unit&quot;:&quot;px&quot;,&quot;size&quot;:-10,&quot;sizes&quot;:[]},&quot;_transform_translateY_effect&quot;:{&quot;unit&quot;:&quot;px&quot;,&quot;size&quot;:10,&quot;sizes&quot;:[]},&quot;_transform_translateX_effect_tablet&quot;:{&quot;unit&quot;:&quot;px&quot;,&quot;size&quot;:&quot;&quot;,&quot;sizes&quot;:[]},&quot;_transform_translateX_effect_mobile&quot;:{&quot;unit&quot;:&quot;px&quot;,&quot;size&quot;:&quot;&quot;,&quot;sizes&quot;:[]},&quot;_transform_translateY_effect_tablet&quot;:{&quot;unit&quot;:&quot;px&quot;,&quot;size&quot;:&quot;&quot;,&quot;sizes&quot;:[]},&quot;_transform_translateY_effect_mobile&quot;:{&quot;unit&quot;:&quot;px&quot;,&quot;size&quot;:&quot;&quot;,&quot;sizes&quot;:[]}}\" data-widget_type=\"text-editor.default\">\n\t\t\t\t<div class=\"elementor-widget-container\">\n\t\t\t<style>\/*! elementor - v3.12.0 - 29-03-2023 *\/\n.elementor-widget-text-editor.elementor-drop-cap-view-stacked .elementor-drop-cap{background-color:#69727d;color:#fff}.elementor-widget-text-editor.elementor-drop-cap-view-framed .elementor-drop-cap{color:#69727d;border:3px solid;background-color:transparent}.elementor-widget-text-editor:not(.elementor-drop-cap-view-default) .elementor-drop-cap{margin-top:8px}.elementor-widget-text-editor:not(.elementor-drop-cap-view-default) .elementor-drop-cap-letter{width:1em;height:1em}.elementor-widget-text-editor .elementor-drop-cap{float:left;text-align:center;line-height:1;font-size:50px}.elementor-widget-text-editor .elementor-drop-cap-letter{display:inline-block}<\/style>\t\t\t\t<p><span style=\"text-decoration: underline;\"><strong>Groupe Adulte<\/strong><\/span><\/p>\t\t\t\t\t\t<\/div>\n\t\t\t\t<\/div>\n\t\t\t\t\t<\/div>\n\t\t<\/div>\n\t\t\t\t\t\t\t<\/div>\n\t\t<\/section>\n\t\t\t\t<section class=\"elementor-section elementor-top-section elementor-element elementor-element-98a4c81 elementor-section-boxed elementor-section-height-default elementor-section-height-default\" data-id=\"98a4c81\" data-element_type=\"section\">\n\t\t\t\t\t\t<div class=\"elementor-container elementor-column-gap-default\">\n\t\t\t\t\t<div class=\"elementor-column elementor-col-100 elementor-top-column elementor-element elementor-element-fe9f59d\" data-id=\"fe9f59d\" data-element_type=\"column\">\n\t\t\t<div class=\"elementor-widget-wrap elementor-element-populated\">\n\t\t\t\t\t\t\t\t<div class=\"elementor-element elementor-element-c9f8cf5 elementor-widget__width-initial elementor-widget elementor-widget-heading\" data-id=\"c9f8cf5\" data-element_type=\"widget\" data-widget_type=\"heading.default\">\n\t\t\t\t<div class=\"elementor-widget-container\">\n\t\t\t<style>\/*! elementor - v3.12.0 - 29-03-2023 *\/\n.elementor-heading-title{padding:0;margin:0;line-height:1}.elementor-widget-heading .elementor-heading-title[class*=elementor-size-]>a{color:inherit;font-size:inherit;line-height:inherit}.elementor-widget-heading .elementor-heading-title.elementor-size-small{font-size:15px}.elementor-widget-heading .elementor-heading-title.elementor-size-medium{font-size:19px}.elementor-widget-heading .elementor-heading-title.elementor-size-large{font-size:29px}.elementor-widget-heading .elementor-heading-title.elementor-size-xl{font-size:39px}.elementor-widget-heading .elementor-heading-title.elementor-size-xxl{font-size:59px}<\/style><h2 class=\"elementor-heading-title elementor-size-large\">Escalade en salle - SAE (Structure Artificielle d\u2019Escalade):<\/h2>\t\t<\/div>\n\t\t\t\t<\/div>\n\t\t\t\t\t<\/div>\n\t\t<\/div>\n\t\t\t\t\t\t\t<\/div>\n\t\t<\/section>\n\t\t\t\t<section class=\"elementor-section elementor-top-section elementor-element elementor-element-b70c96f elementor-section-boxed elementor-section-height-default elementor-section-height-default\" data-id=\"b70c96f\" data-element_type=\"section\">\n\t\t\t\t\t\t<div class=\"elementor-container elementor-column-gap-default\">\n\t\t\t\t\t<div class=\"elementor-column elementor-col-50 elementor-top-column elementor-element elementor-element-b19a853\" data-id=\"b19a853\" data-element_type=\"column\">\n\t\t\t<div class=\"elementor-widget-wrap elementor-element-populated\">\n\t\t\t\t\t\t\t\t<div class=\"elementor-element elementor-element-7971ac9 elementor-widget__width-initial elementor-widget elementor-widget-text-editor\" data-id=\"7971ac9\" data-element_type=\"widget\" data-widget_type=\"text-editor.default\">\n\t\t\t\t<div class=\"elementor-widget-container\">\n\t\t\t\t\t\t\t<p>Le club dispose du mur d\u2019escalade situ\u00e9 dans la salle polyvalente de La Chapelle en Vercors. Le cr\u00e9neau est libre, donc r\u00e9serv\u00e9 aux grimpeurs autonomes\/confirm\u00e9s (les s\u00e9ances ne sont pas encadr\u00e9es par un moniteur).<\/p><p><span style=\"font-family: Roboto, sans-serif; font-size: 15px; font-style: normal; font-weight: 400; text-align: start;\">Po<\/span><span style=\"font-family: Roboto, sans-serif; font-size: 15px; font-style: normal; font-weight: 400; color: var( --e-global-color-text );\">ur les d\u00e9butants, pas de panique! Nous disposons d\u2019un initiateur SAE, qui \u00e0 la possibilit\u00e9 de vous former pour apprendre ou r\u00e9apprendre les bases et vous amener vers l\u2019autonomie.<\/span><\/p>\t\t\t\t\t\t<\/div>\n\t\t\t\t<\/div>\n\t\t\t\t\t<\/div>\n\t\t<\/div>\n\t\t\t\t<div class=\"elementor-column elementor-col-50 elementor-top-column elementor-element elementor-element-53fad2f\" data-id=\"53fad2f\" data-element_type=\"column\">\n\t\t\t<div class=\"elementor-widget-wrap elementor-element-populated\">\n\t\t\t\t\t\t\t\t<div class=\"elementor-element elementor-element-eebd4af elementor-widget__width-initial e-transform elementor-widget elementor-widget-image\" data-id=\"eebd4af\" data-element_type=\"widget\" data-settings=\"{&quot;_transform_translateY_effect&quot;:{&quot;unit&quot;:&quot;px&quot;,&quot;size&quot;:10,&quot;sizes&quot;:[]},&quot;_transform_translateX_effect&quot;:{&quot;unit&quot;:&quot;px&quot;,&quot;size&quot;:&quot;&quot;,&quot;sizes&quot;:[]},&quot;_transform_translateX_effect_tablet&quot;:{&quot;unit&quot;:&quot;px&quot;,&quot;size&quot;:&quot;&quot;,&quot;sizes&quot;:[]},&quot;_transform_translateX_effect_mobile&quot;:{&quot;unit&quot;:&quot;px&quot;,&quot;size&quot;:&quot;&quot;,&quot;sizes&quot;:[]},&quot;_transform_translateY_effect_tablet&quot;:{&quot;unit&quot;:&quot;px&quot;,&quot;size&quot;:&quot;&quot;,&quot;sizes&quot;:[]},&quot;_transform_translateY_effect_mobile&quot;:{&quot;unit&quot;:&quot;px&quot;,&quot;size&quot;:&quot;&quot;,&quot;sizes&quot;:[]}}\" data-widget_type=\"image.default\">\n\t\t\t\t<div class=\"elementor-widget-container\">\n\t\t\t\t\t\t\t\t\t\t\t\t\t\t\t<img loading=\"lazy\" decoding=\"async\" width=\"525\" height=\"295\" src=\"https:\/\/cafvercorssud.fr\/wp-content\/uploads\/2023\/05\/20211214_200610-1024x576.jpg\" class=\"attachment-large size-large wp-image-421\" alt=\"\" srcset=\"https:\/\/cafvercorssud.fr\/wp-content\/uploads\/2023\/05\/20211214_200610-1024x576.jpg 1024w, https:\/\/cafvercorssud.fr\/wp-content\/uploads\/2023\/05\/20211214_200610-300x169.jpg 300w, https:\/\/cafvercorssud.fr\/wp-content\/uploads\/2023\/05\/20211214_200610-768x432.jpg 768w, https:\/\/cafvercorssud.fr\/wp-content\/uploads\/2023\/05\/20211214_200610-1536x864.jpg 1536w, https:\/\/cafvercorssud.fr\/wp-content\/uploads\/2023\/05\/20211214_200610-2048x1152.jpg 2048w, https:\/\/cafvercorssud.fr\/wp-content\/uploads\/2023\/05\/20211214_200610-500x281.jpg 500w\" sizes=\"auto, 100vw\" \/>\t\t\t\t\t\t\t\t\t\t\t\t\t\t\t<\/div>\n\t\t\t\t<\/div>\n\t\t\t\t\t<\/div>\n\t\t<\/div>\n\t\t\t\t\t\t\t<\/div>\n\t\t<\/section>\n\t\t\t\t<section class=\"elementor-section elementor-top-section elementor-element elementor-element-5f38a4e elementor-section-boxed elementor-section-height-default elementor-section-height-default\" data-id=\"5f38a4e\" data-element_type=\"section\">\n\t\t\t\t\t\t<div class=\"elementor-container elementor-column-gap-default\">\n\t\t\t\t\t<div class=\"elementor-column elementor-col-100 elementor-top-column elementor-element elementor-element-75eeee7\" data-id=\"75eeee7\" data-element_type=\"column\">\n\t\t\t<div class=\"elementor-widget-wrap elementor-element-populated\">\n\t\t\t\t\t\t\t\t<div class=\"elementor-element elementor-element-b91c5da elementor-widget elementor-widget-text-editor\" data-id=\"b91c5da\" data-element_type=\"widget\" data-widget_type=\"text-editor.default\">\n\t\t\t\t<div class=\"elementor-widget-container\">\n\t\t\t\t\t\t\t<p><span style=\"font-family: Roboto, sans-serif; font-size: 15px; font-style: normal; font-weight: 400; text-align: justify; color: var( --e-global-color-text );\">Pour les nouveaux arrivants, la 1<\/span><span style=\"font-family: Roboto, sans-serif; font-style: normal; font-weight: 400; text-align: justify; color: var( --e-global-color-text ); font-size: 10px; height: 0px; line-height: 1; position: relative; bottom: 1ex;\">\u00e8re<\/span><span style=\"font-family: Roboto, sans-serif; font-size: 15px; font-style: normal; font-weight: 400; text-align: justify; color: var( --e-global-color-text );\">&nbsp;s\u00e9ance sera consacr\u00e9e \u00e0 la validation des acquis <\/span><span style=\"color: #0000ff;\"><a style=\"font-family: var( --e-global-typography-text-font-family ), Sans-serif; font-weight: var( --e-global-typography-text-font-weight ); background-color: #ffffff; font-size: 15px; text-align: justify; color: #0000ff;\" href=\"http:\/\/cafvercorssud.fr\/wp-content\/uploads\/2023\/09\/Competence-autonomie-SAE.pdf\">(minimum niveau 3 du livret d&rsquo;escalade) &#8211; PDF<\/a><\/span><\/p>\n<h4 style=\"font-family: Roboto, sans-serif; font-size: 15px; font-style: normal; text-align: justify;\"><span style=\"font-size: 15px; text-decoration-line: underline;\"><strong style=\"font-size: 15px;\">Horaire<\/strong><\/span>:<\/h4>\n<ul style=\"font-family: Roboto, sans-serif; font-size: 15px; font-style: normal; font-weight: 400; text-align: justify;\">\n<li style=\"font-size: 15px;\">Les mardis de 20h \u00e0 22h a partir de fin septembre jusqu&rsquo;\u00e0 d\u00e9but mai&#8230;<\/li>\n<\/ul>\n<h4 style=\"font-family: Roboto, sans-serif; font-size: 15px; font-style: normal; text-align: justify;\"><span style=\"font-size: 15px; text-decoration-line: underline;\"><strong style=\"font-size: 15px;\">Tarif:<\/strong><\/span><\/h4>\n<ul style=\"font-family: Roboto, sans-serif; font-size: 15px; font-style: normal; font-weight: 400; text-align: justify;\">\n<li style=\"font-size: 15px;\">Licence FFCAM: de 69 \u00e0 87\u20ac hors assurances suppl\u00e9mentaires.<\/li>\n<\/ul>\n<p>Un groupe Whats App est mis en place pour \u00e9changer facilement des informations, n\u2019h\u00e9sitez pas \u00e0 en parler \u00e0 Arnaud, r\u00e9f\u00e9rent de l\u2019activit\u00e9, pour vous y inscrire.<\/p>\t\t\t\t\t\t<\/div>\n\t\t\t\t<\/div>\n\t\t\t\t<div class=\"elementor-element elementor-element-5270029 elementor-widget elementor-widget-spacer\" data-id=\"5270029\" data-element_type=\"widget\" data-widget_type=\"spacer.default\">\n\t\t\t\t<div class=\"elementor-widget-container\">\n\t\t\t<style>\/*! elementor - v3.12.0 - 29-03-2023 *\/\n.elementor-column .elementor-spacer-inner{height:var(--spacer-size)}.e-con{--container-widget-width:100%}.e-con-inner>.elementor-widget-spacer,.e-con>.elementor-widget-spacer{width:var(--container-widget-width,var(--spacer-size));--align-self:var(--container-widget-align-self,initial);--flex-shrink:0}.e-con-inner>.elementor-widget-spacer>.elementor-widget-container,.e-con-inner>.elementor-widget-spacer>.elementor-widget-container>.elementor-spacer,.e-con>.elementor-widget-spacer>.elementor-widget-container,.e-con>.elementor-widget-spacer>.elementor-widget-container>.elementor-spacer{height:100%}.e-con-inner>.elementor-widget-spacer>.elementor-widget-container>.elementor-spacer>.elementor-spacer-inner,.e-con>.elementor-widget-spacer>.elementor-widget-container>.elementor-spacer>.elementor-spacer-inner{height:var(--container-widget-height,var(--spacer-size))}<\/style>\t\t<div class=\"elementor-spacer\">\n\t\t\t<div class=\"elementor-spacer-inner\"><\/div>\n\t\t<\/div>\n\t\t\t\t<\/div>\n\t\t\t\t<\/div>\n\t\t\t\t\t<\/div>\n\t\t<\/div>\n\t\t\t\t\t\t\t<\/div>\n\t\t<\/section>\n\t\t\t\t<section class=\"elementor-section elementor-top-section elementor-element elementor-element-74504e3 elementor-section-boxed elementor-section-height-default elementor-section-height-default\" data-id=\"74504e3\" data-element_type=\"section\">\n\t\t\t\t\t\t<div class=\"elementor-container elementor-column-gap-default\">\n\t\t\t\t\t<div class=\"elementor-column elementor-col-100 elementor-top-column elementor-element elementor-element-607b442\" data-id=\"607b442\" data-element_type=\"column\">\n\t\t\t<div class=\"elementor-widget-wrap elementor-element-populated\">\n\t\t\t\t\t\t\t\t<div class=\"elementor-element elementor-element-4e275eb elementor-widget__width-initial elementor-widget elementor-widget-heading\" data-id=\"4e275eb\" data-element_type=\"widget\" data-widget_type=\"heading.default\">\n\t\t\t\t<div class=\"elementor-widget-container\">\n\t\t\t<h2 class=\"elementor-heading-title elementor-size-large\">Stage initiation \u00e0 la grande voie:<\/h2>\t\t<\/div>\n\t\t\t\t<\/div>\n\t\t\t\t\t<\/div>\n\t\t<\/div>\n\t\t\t\t\t\t\t<\/div>\n\t\t<\/section>\n\t\t\t\t<section class=\"elementor-section elementor-top-section elementor-element elementor-element-956b339 elementor-section-boxed elementor-section-height-default elementor-section-height-default\" data-id=\"956b339\" data-element_type=\"section\">\n\t\t\t\t\t\t<div class=\"elementor-container elementor-column-gap-default\">\n\t\t\t\t\t<div class=\"elementor-column elementor-col-50 elementor-top-column elementor-element elementor-element-ca54c75\" data-id=\"ca54c75\" data-element_type=\"column\">\n\t\t\t<div class=\"elementor-widget-wrap elementor-element-populated\">\n\t\t\t\t\t\t\t\t<div class=\"elementor-element elementor-element-81bd235 elementor-widget elementor-widget-text-editor\" data-id=\"81bd235\" data-element_type=\"widget\" data-widget_type=\"text-editor.default\">\n\t\t\t\t<div class=\"elementor-widget-container\">\n\t\t\t\t\t\t\t<p>Au printemps, un stage d&rsquo;initiation \u00e0 la grande voie est organis\u00e9 et encadr\u00e9 par un moniteur dipl\u00f4m\u00e9. Il se compose d&rsquo;une soir\u00e9e manipulation en salle, une soir\u00e9e manipulation en ext\u00e9rieur et d&rsquo;une journ\u00e9e en grande voie.\u00a0<\/p><p>Niveau demand\u00e9 pour participer au stage: 5c minimum<\/p><p>Stage confirmer \u00e0 partir de 4 participants.<\/p><h4><span style=\"text-decoration: underline;\"><strong>Date<\/strong><\/span>:<\/h4><ul><li>Au printemps<\/li><\/ul><h4><span style=\"text-decoration: underline;\"><strong>Tarif:<\/strong><\/span><\/h4><ul><li>80\u20ac par personne\u00a0<\/li><\/ul>\t\t\t\t\t\t<\/div>\n\t\t\t\t<\/div>\n\t\t\t\t<div class=\"elementor-element elementor-element-0b8b0e8 elementor-widget elementor-widget-spacer\" data-id=\"0b8b0e8\" data-element_type=\"widget\" data-widget_type=\"spacer.default\">\n\t\t\t\t<div class=\"elementor-widget-container\">\n\t\t\t\t\t<div class=\"elementor-spacer\">\n\t\t\t<div class=\"elementor-spacer-inner\"><\/div>\n\t\t<\/div>\n\t\t\t\t<\/div>\n\t\t\t\t<\/div>\n\t\t\t\t\t<\/div>\n\t\t<\/div>\n\t\t\t\t<div class=\"elementor-column elementor-col-50 elementor-top-column elementor-element elementor-element-6558490\" data-id=\"6558490\" data-element_type=\"column\">\n\t\t\t<div class=\"elementor-widget-wrap elementor-element-populated\">\n\t\t\t\t\t\t\t\t<div class=\"elementor-element elementor-element-09a4353 elementor-widget elementor-widget-image\" data-id=\"09a4353\" data-element_type=\"widget\" data-widget_type=\"image.default\">\n\t\t\t\t<div class=\"elementor-widget-container\">\n\t\t\t\t\t\t\t\t\t\t\t\t\t\t\t<img loading=\"lazy\" decoding=\"async\" width=\"525\" height=\"700\" src=\"https:\/\/cafvercorssud.fr\/wp-content\/uploads\/2023\/05\/IMG_20180722_115737-768x1024.jpg\" class=\"attachment-large size-large wp-image-409\" alt=\"\" srcset=\"https:\/\/cafvercorssud.fr\/wp-content\/uploads\/2023\/05\/IMG_20180722_115737-768x1024.jpg 768w, https:\/\/cafvercorssud.fr\/wp-content\/uploads\/2023\/05\/IMG_20180722_115737-225x300.jpg 225w, https:\/\/cafvercorssud.fr\/wp-content\/uploads\/2023\/05\/IMG_20180722_115737-1152x1536.jpg 1152w, https:\/\/cafvercorssud.fr\/wp-content\/uploads\/2023\/05\/IMG_20180722_115737-1536x2048.jpg 1536w, https:\/\/cafvercorssud.fr\/wp-content\/uploads\/2023\/05\/IMG_20180722_115737-scaled.jpg 1920w\" sizes=\"auto, 100vw\" \/>\t\t\t\t\t\t\t\t\t\t\t\t\t\t\t<\/div>\n\t\t\t\t<\/div>\n\t\t\t\t\t<\/div>\n\t\t<\/div>\n\t\t\t\t\t\t\t<\/div>\n\t\t<\/section>\n\t\t\t\t<section class=\"elementor-section elementor-top-section elementor-element elementor-element-a2504e4 elementor-section-boxed elementor-section-height-default elementor-section-height-default\" data-id=\"a2504e4\" data-element_type=\"section\">\n\t\t\t\t\t\t<div class=\"elementor-container elementor-column-gap-default\">\n\t\t\t\t\t<div class=\"elementor-column elementor-col-100 elementor-top-column elementor-element elementor-element-3ee27c2\" data-id=\"3ee27c2\" data-element_type=\"column\">\n\t\t\t<div class=\"elementor-widget-wrap elementor-element-populated\">\n\t\t\t\t\t\t\t\t<div class=\"elementor-element elementor-element-ec8d30e elementor-widget__width-initial elementor-widget elementor-widget-heading\" data-id=\"ec8d30e\" data-element_type=\"widget\" data-widget_type=\"heading.default\">\n\t\t\t\t<div class=\"elementor-widget-container\">\n\t\t\t<h2 class=\"elementor-heading-title elementor-size-large\">Activit\u00e9s diverses:<\/h2>\t\t<\/div>\n\t\t\t\t<\/div>\n\t\t\t\t\t<\/div>\n\t\t<\/div>\n\t\t\t\t\t\t\t<\/div>\n\t\t<\/section>\n\t\t\t\t<section class=\"elementor-section elementor-top-section elementor-element elementor-element-d30b231 elementor-section-boxed elementor-section-height-default elementor-section-height-default\" data-id=\"d30b231\" data-element_type=\"section\">\n\t\t\t\t\t\t<div class=\"elementor-container elementor-column-gap-default\">\n\t\t\t\t\t<div class=\"elementor-column elementor-col-100 elementor-top-column elementor-element elementor-element-a397f4d\" data-id=\"a397f4d\" data-element_type=\"column\">\n\t\t\t<div class=\"elementor-widget-wrap elementor-element-populated\">\n\t\t\t\t\t\t\t\t<div class=\"elementor-element elementor-element-08e4d18 elementor-widget elementor-widget-text-editor\" data-id=\"08e4d18\" data-element_type=\"widget\" data-widget_type=\"text-editor.default\">\n\t\t\t\t<div class=\"elementor-widget-container\">\n\t\t\t\t\t\t\t<p>Si des adultes sont motiv\u00e9s, il y a la possibilit\u00e9 de mettre en place des sorties encadr\u00e9s par un moniteur dans divers domaines (sp\u00e9l\u00e9o, ski de randonn\u00e9e, alpinisme, cascade de glace, canyon, etc.). Sorties \u00e0 d\u00e9finir en fonction du nombre de participant et niveau \u00e0 adapter en fonction des inscrits.<\/p>\t\t\t\t\t\t<\/div>\n\t\t\t\t<\/div>\n\t\t\t\t\t<\/div>\n\t\t<\/div>\n\t\t\t\t\t\t\t<\/div>\n\t\t<\/section>\n\t\t\t\t\t\t\t<\/div>\n\t\t","protected":false},"excerpt":{"rendered":"<p>Groupe Adulte Escalade en salle &#8211; SAE (Structure Artificielle d\u2019Escalade): Le club dispose du mur d\u2019escalade situ\u00e9 dans la salle polyvalente de La Chapelle en Vercors. Le cr\u00e9neau est libre, donc r\u00e9serv\u00e9 aux grimpeurs autonomes\/confirm\u00e9s (les s\u00e9ances ne sont pas encadr\u00e9es par un moniteur). Pour les d\u00e9butants, pas de panique! Nous disposons d\u2019un initiateur SAE, &hellip; <\/p>\n<p class=\"link-more\"><a href=\"https:\/\/cafvercorssud.fr\/?page_id=312\" class=\"more-link\">Continuer la lecture<span class=\"screen-reader-text\"> de &laquo;&nbsp;Groupe Adulte&nbsp;&raquo;<\/span><\/a><\/p>\n","protected":false},"author":1,"featured_media":0,"parent":0,"menu_order":0,"comment_status":"closed","ping_status":"closed","template":"","meta":{"footnotes":""},"class_list":["post-312","page","type-page","status-publish","hentry"],"_links":{"self":[{"href":"https:\/\/cafvercorssud.fr\/index.php?rest_route=\/wp\/v2\/pages\/312","targetHints":{"allow":["GET"]}}],"collection":[{"href":"https:\/\/cafvercorssud.fr\/index.php?rest_route=\/wp\/v2\/pages"}],"about":[{"href":"https:\/\/cafvercorssud.fr\/index.php?rest_route=\/wp\/v2\/types\/page"}],"author":[{"embeddable":true,"href":"https:\/\/cafvercorssud.fr\/index.php?rest_route=\/wp\/v2\/users\/1"}],"replies":[{"embeddable":true,"href":"https:\/\/cafvercorssud.fr\/index.php?rest_route=%2Fwp%2Fv2%2Fcomments&post=312"}],"version-history":[{"count":52,"href":"https:\/\/cafvercorssud.fr\/index.php?rest_route=\/wp\/v2\/pages\/312\/revisions"}],"predecessor-version":[{"id":802,"href":"https:\/\/cafvercorssud.fr\/index.php?rest_route=\/wp\/v2\/pages\/312\/revisions\/802"}],"wp:attachment":[{"href":"https:\/\/cafvercorssud.fr\/index.php?rest_route=%2Fwp%2Fv2%2Fmedia&parent=312"}],"curies":[{"name":"wp","href":"https:\/\/api.w.org\/{rel}","templated":true}]}}