{"id":319,"date":"2023-05-01T08:38:43","date_gmt":"2023-05-01T06:38:43","guid":{"rendered":"https:\/\/cafvercorssud.fr\/?page_id=319"},"modified":"2023-09-21T23:00:17","modified_gmt":"2023-09-21T21:00:17","slug":"formation","status":"publish","type":"page","link":"https:\/\/cafvercorssud.fr\/?page_id=319","title":{"rendered":"Formation"},"content":{"rendered":"\t\t<div data-elementor-type=\"wp-page\" data-elementor-id=\"319\" class=\"elementor elementor-319\">\n\t\t\t\t\t\t\t\t\t<section class=\"elementor-section elementor-top-section elementor-element elementor-element-816f413 elementor-section-boxed elementor-section-height-default elementor-section-height-default\" data-id=\"816f413\" data-element_type=\"section\">\n\t\t\t\t\t\t<div class=\"elementor-container elementor-column-gap-default\">\n\t\t\t\t\t<div class=\"elementor-column elementor-col-50 elementor-top-column elementor-element elementor-element-b6680b9\" data-id=\"b6680b9\" data-element_type=\"column\">\n\t\t\t<div class=\"elementor-widget-wrap elementor-element-populated\">\n\t\t\t\t\t\t\t\t<div class=\"elementor-element elementor-element-643c1c2 elementor-widget elementor-widget-image\" data-id=\"643c1c2\" data-element_type=\"widget\" data-widget_type=\"image.default\">\n\t\t\t\t<div class=\"elementor-widget-container\">\n\t\t\t<style>\/*! elementor - v3.12.0 - 29-03-2023 *\/\n.elementor-widget-image{text-align:center}.elementor-widget-image a{display:inline-block}.elementor-widget-image a img[src$=\".svg\"]{width:48px}.elementor-widget-image img{vertical-align:middle;display:inline-block}<\/style>\t\t\t\t\t\t\t\t\t\t\t\t<img loading=\"lazy\" decoding=\"async\" width=\"180\" height=\"180\" src=\"https:\/\/cafvercorssud.fr\/wp-content\/uploads\/2023\/05\/Icon_33-Formation.png\" class=\"attachment-large size-large wp-image-483\" alt=\"\" srcset=\"https:\/\/cafvercorssud.fr\/wp-content\/uploads\/2023\/05\/Icon_33-Formation.png 180w, https:\/\/cafvercorssud.fr\/wp-content\/uploads\/2023\/05\/Icon_33-Formation-150x150.png 150w\" sizes=\"auto, 100vw\" \/>\t\t\t\t\t\t\t\t\t\t\t\t\t\t\t<\/div>\n\t\t\t\t<\/div>\n\t\t\t\t\t<\/div>\n\t\t<\/div>\n\t\t\t\t<div class=\"elementor-column elementor-col-50 elementor-top-column elementor-element elementor-element-daf85fb\" data-id=\"daf85fb\" data-element_type=\"column\">\n\t\t\t<div class=\"elementor-widget-wrap elementor-element-populated\">\n\t\t\t\t\t\t\t\t<div class=\"elementor-element elementor-element-b71aad7 e-transform elementor-widget elementor-widget-text-editor\" data-id=\"b71aad7\" data-element_type=\"widget\" data-settings=\"{&quot;_transform_translateX_effect&quot;:{&quot;unit&quot;:&quot;px&quot;,&quot;size&quot;:-10,&quot;sizes&quot;:[]},&quot;_transform_translateY_effect&quot;:{&quot;unit&quot;:&quot;px&quot;,&quot;size&quot;:10,&quot;sizes&quot;:[]},&quot;_transform_translateX_effect_tablet&quot;:{&quot;unit&quot;:&quot;px&quot;,&quot;size&quot;:&quot;&quot;,&quot;sizes&quot;:[]},&quot;_transform_translateX_effect_mobile&quot;:{&quot;unit&quot;:&quot;px&quot;,&quot;size&quot;:&quot;&quot;,&quot;sizes&quot;:[]},&quot;_transform_translateY_effect_tablet&quot;:{&quot;unit&quot;:&quot;px&quot;,&quot;size&quot;:&quot;&quot;,&quot;sizes&quot;:[]},&quot;_transform_translateY_effect_mobile&quot;:{&quot;unit&quot;:&quot;px&quot;,&quot;size&quot;:&quot;&quot;,&quot;sizes&quot;:[]}}\" data-widget_type=\"text-editor.default\">\n\t\t\t\t<div class=\"elementor-widget-container\">\n\t\t\t<style>\/*! elementor - v3.12.0 - 29-03-2023 *\/\n.elementor-widget-text-editor.elementor-drop-cap-view-stacked .elementor-drop-cap{background-color:#69727d;color:#fff}.elementor-widget-text-editor.elementor-drop-cap-view-framed .elementor-drop-cap{color:#69727d;border:3px solid;background-color:transparent}.elementor-widget-text-editor:not(.elementor-drop-cap-view-default) .elementor-drop-cap{margin-top:8px}.elementor-widget-text-editor:not(.elementor-drop-cap-view-default) .elementor-drop-cap-letter{width:1em;height:1em}.elementor-widget-text-editor .elementor-drop-cap{float:left;text-align:center;line-height:1;font-size:50px}.elementor-widget-text-editor .elementor-drop-cap-letter{display:inline-block}<\/style>\t\t\t\t<p><span style=\"text-decoration: underline;\"><strong>FORMATION<\/strong><\/span><\/p>\t\t\t\t\t\t<\/div>\n\t\t\t\t<\/div>\n\t\t\t\t\t<\/div>\n\t\t<\/div>\n\t\t\t\t\t\t\t<\/div>\n\t\t<\/section>\n\t\t\t\t<section class=\"elementor-section elementor-top-section elementor-element elementor-element-6ae04fb elementor-section-boxed elementor-section-height-default elementor-section-height-default\" data-id=\"6ae04fb\" data-element_type=\"section\">\n\t\t\t\t\t\t<div class=\"elementor-container elementor-column-gap-default\">\n\t\t\t\t\t<div class=\"elementor-column elementor-col-50 elementor-top-column elementor-element elementor-element-a5908ad\" data-id=\"a5908ad\" data-element_type=\"column\">\n\t\t\t<div class=\"elementor-widget-wrap elementor-element-populated\">\n\t\t\t\t\t\t\t\t<div class=\"elementor-element elementor-element-603c867 elementor-widget elementor-widget-text-editor\" data-id=\"603c867\" data-element_type=\"widget\" data-widget_type=\"text-editor.default\">\n\t\t\t\t<div class=\"elementor-widget-container\">\n\t\t\t\t\t\t\t<p class=\"MsoNormal\">La FFCAM, f\u00e9d\u00e9ration multisports agr\u00e9\u00e9e par le Minist\u00e8re charg\u00e9 des sports, permet \u00e0 ses adh\u00e9rents de se former dans tous ses domaines d&rsquo;activit\u00e9s (alpinisme, ski de randonn\u00e9e, escalade, orientation, randonn\u00e9e\u2026).<\/p><p>Liste des formations \u00e0 retrouver <a href=\"https:\/\/www.ffcam.fr\/les-formations.html\">ici.<\/a><\/p><p class=\"MsoNormal\">La formation d\u2019encadrent b\u00e9n\u00e9voles (cadres) est une priorit\u00e9 pour le club et est pr\u00eat \u00e0 investir en prenant en charge tout ou partie de la formation, en \u00e9change d\u2019un engagement des candidats \u00e0 encadrer au profit du club durant les 2 ou 3 ann\u00e9es suivantes.<\/p><p class=\"MsoNormal\">Pour en savoir plus, ou si vous \u00eates int\u00e9ress\u00e9 pour vous former au sein de la f\u00e9d\u00e9ration, n\u2019h\u00e9sitez pas \u00e0 contacter Arnaud (contact@cafvercorssud.fr)\u00a0<\/p>\t\t\t\t\t\t<\/div>\n\t\t\t\t<\/div>\n\t\t\t\t\t<\/div>\n\t\t<\/div>\n\t\t\t\t<div class=\"elementor-column elementor-col-50 elementor-top-column elementor-element elementor-element-89ff639\" data-id=\"89ff639\" data-element_type=\"column\">\n\t\t\t<div class=\"elementor-widget-wrap elementor-element-populated\">\n\t\t\t\t\t\t\t\t<div class=\"elementor-element elementor-element-2983807 elementor-widget__width-initial e-transform elementor-widget elementor-widget-image\" data-id=\"2983807\" data-element_type=\"widget\" data-settings=\"{&quot;_transform_translateY_effect&quot;:{&quot;unit&quot;:&quot;px&quot;,&quot;size&quot;:20,&quot;sizes&quot;:[]},&quot;_transform_translateX_effect&quot;:{&quot;unit&quot;:&quot;px&quot;,&quot;size&quot;:&quot;&quot;,&quot;sizes&quot;:[]},&quot;_transform_translateX_effect_tablet&quot;:{&quot;unit&quot;:&quot;px&quot;,&quot;size&quot;:&quot;&quot;,&quot;sizes&quot;:[]},&quot;_transform_translateX_effect_mobile&quot;:{&quot;unit&quot;:&quot;px&quot;,&quot;size&quot;:&quot;&quot;,&quot;sizes&quot;:[]},&quot;_transform_translateY_effect_tablet&quot;:{&quot;unit&quot;:&quot;px&quot;,&quot;size&quot;:&quot;&quot;,&quot;sizes&quot;:[]},&quot;_transform_translateY_effect_mobile&quot;:{&quot;unit&quot;:&quot;px&quot;,&quot;size&quot;:&quot;&quot;,&quot;sizes&quot;:[]}}\" data-widget_type=\"image.default\">\n\t\t\t\t<div class=\"elementor-widget-container\">\n\t\t\t\t\t\t\t\t\t\t\t\t\t\t\t<img loading=\"lazy\" decoding=\"async\" width=\"475\" height=\"527\" src=\"https:\/\/cafvercorssud.fr\/wp-content\/uploads\/2023\/05\/formation.png\" class=\"attachment-large size-large wp-image-484\" alt=\"\" srcset=\"https:\/\/cafvercorssud.fr\/wp-content\/uploads\/2023\/05\/formation.png 475w, https:\/\/cafvercorssud.fr\/wp-content\/uploads\/2023\/05\/formation-270x300.png 270w\" sizes=\"auto, 100vw\" \/>\t\t\t\t\t\t\t\t\t\t\t\t\t\t\t<\/div>\n\t\t\t\t<\/div>\n\t\t\t\t\t<\/div>\n\t\t<\/div>\n\t\t\t\t\t\t\t<\/div>\n\t\t<\/section>\n\t\t\t\t<section class=\"elementor-section elementor-top-section elementor-element elementor-element-edc6a49 elementor-section-boxed elementor-section-height-default elementor-section-height-default\" data-id=\"edc6a49\" data-element_type=\"section\">\n\t\t\t\t\t\t<div class=\"elementor-container elementor-column-gap-default\">\n\t\t\t\t\t<div class=\"elementor-column elementor-col-100 elementor-top-column elementor-element elementor-element-6973bda\" data-id=\"6973bda\" data-element_type=\"column\">\n\t\t\t<div class=\"elementor-widget-wrap elementor-element-populated\">\n\t\t\t\t\t\t\t\t<div class=\"elementor-element elementor-element-984b13f elementor-widget elementor-widget-text-editor\" data-id=\"984b13f\" data-element_type=\"widget\" data-widget_type=\"text-editor.default\">\n\t\t\t\t<div class=\"elementor-widget-container\">\n\t\t\t\t\t\t\t<p>Le tableau suivant pr\u00e9cise le format pour chacun des brevets en 2023 ainsi que les dur\u00e9es de chacune des \u00e9tapes:<\/p>\t\t\t\t\t\t<\/div>\n\t\t\t\t<\/div>\n\t\t\t\t<div class=\"elementor-element elementor-element-77e4f3a elementor-widget elementor-widget-image\" data-id=\"77e4f3a\" data-element_type=\"widget\" data-widget_type=\"image.default\">\n\t\t\t\t<div class=\"elementor-widget-container\">\n\t\t\t\t\t\t\t\t\t\t\t\t\t\t\t<img loading=\"lazy\" decoding=\"async\" width=\"877\" height=\"699\" src=\"https:\/\/cafvercorssud.fr\/wp-content\/uploads\/2023\/05\/tableau-formation.png\" class=\"attachment-1536x1536 size-1536x1536 wp-image-499\" alt=\"\" srcset=\"https:\/\/cafvercorssud.fr\/wp-content\/uploads\/2023\/05\/tableau-formation.png 877w, https:\/\/cafvercorssud.fr\/wp-content\/uploads\/2023\/05\/tableau-formation-300x239.png 300w, https:\/\/cafvercorssud.fr\/wp-content\/uploads\/2023\/05\/tableau-formation-768x612.png 768w, https:\/\/cafvercorssud.fr\/wp-content\/uploads\/2023\/05\/tableau-formation-376x300.png 376w\" sizes=\"auto, 100vw\" \/>\t\t\t\t\t\t\t\t\t\t\t\t\t\t\t<\/div>\n\t\t\t\t<\/div>\n\t\t\t\t\t<\/div>\n\t\t<\/div>\n\t\t\t\t\t\t\t<\/div>\n\t\t<\/section>\n\t\t\t\t\t\t\t<\/div>\n\t\t","protected":false},"excerpt":{"rendered":"<p>FORMATION La FFCAM, f\u00e9d\u00e9ration multisports agr\u00e9\u00e9e par le Minist\u00e8re charg\u00e9 des sports, permet \u00e0 ses adh\u00e9rents de se former dans tous ses domaines d&rsquo;activit\u00e9s (alpinisme, ski de randonn\u00e9e, escalade, orientation, randonn\u00e9e\u2026). Liste des formations \u00e0 retrouver ici. La formation d\u2019encadrent b\u00e9n\u00e9voles (cadres) est une priorit\u00e9 pour le club et est pr\u00eat \u00e0 investir en prenant &hellip; <\/p>\n<p class=\"link-more\"><a href=\"https:\/\/cafvercorssud.fr\/?page_id=319\" class=\"more-link\">Continuer la lecture<span class=\"screen-reader-text\"> de &laquo;&nbsp;Formation&nbsp;&raquo;<\/span><\/a><\/p>\n","protected":false},"author":1,"featured_media":0,"parent":0,"menu_order":0,"comment_status":"closed","ping_status":"closed","template":"","meta":{"footnotes":""},"class_list":["post-319","page","type-page","status-publish","hentry"],"_links":{"self":[{"href":"https:\/\/cafvercorssud.fr\/index.php?rest_route=\/wp\/v2\/pages\/319","targetHints":{"allow":["GET"]}}],"collection":[{"href":"https:\/\/cafvercorssud.fr\/index.php?rest_route=\/wp\/v2\/pages"}],"about":[{"href":"https:\/\/cafvercorssud.fr\/index.php?rest_route=\/wp\/v2\/types\/page"}],"author":[{"embeddable":true,"href":"https:\/\/cafvercorssud.fr\/index.php?rest_route=\/wp\/v2\/users\/1"}],"replies":[{"embeddable":true,"href":"https:\/\/cafvercorssud.fr\/index.php?rest_route=%2Fwp%2Fv2%2Fcomments&post=319"}],"version-history":[{"count":37,"href":"https:\/\/cafvercorssud.fr\/index.php?rest_route=\/wp\/v2\/pages\/319\/revisions"}],"predecessor-version":[{"id":694,"href":"https:\/\/cafvercorssud.fr\/index.php?rest_route=\/wp\/v2\/pages\/319\/revisions\/694"}],"wp:attachment":[{"href":"https:\/\/cafvercorssud.fr\/index.php?rest_route=%2Fwp%2Fv2%2Fmedia&parent=319"}],"curies":[{"name":"wp","href":"https:\/\/api.w.org\/{rel}","templated":true}]}}